{"id":2,"date":"2020-08-16T17:32:23","date_gmt":"2020-08-16T15:32:23","guid":{"rendered":"https:\/\/staging.reakt.com\/?page_id=2"},"modified":"2023-02-07T22:30:13","modified_gmt":"2023-02-07T21:30:13","slug":"start","status":"publish","type":"page","link":"https:\/\/staging.reaktlive.com\/sv\/","title":{"rendered":"Start"},"content":{"rendered":"","protected":false},"excerpt":{"rendered":"","protected":false},"author":1,"featured_media":0,"parent":0,"menu_order":9,"comment_status":"closed","ping_status":"closed","template":"","meta":{"footnotes":""},"yoast_head":"<!-- This site is optimized with the Yoast SEO plugin v22.3 - https:\/\/yoast.com\/wordpress\/plugins\/seo\/ -->\n<title>[STAGING] Reakt Live - Livestreaming 4K multi cam upplevelse<\/title>\n<meta name=\"description\" content=\"Multi Cam, 4K pro level Video och Audio events f\u00f6r maximalt upplevt v\u00e4rde d\u00e4r kreat\u00f6rer m\u00f6ter konsument 100% live.\" \/>\n<meta name=\"robots\" content=\"noindex, follow, max-snippet:-1, max-image-preview:large, max-video-preview:-1\" \/>\n<meta property=\"og:locale\" content=\"sv_SE\" \/>\n<meta property=\"og:type\" content=\"article\" \/>\n<meta property=\"og:title\" content=\"[STAGING] Reakt Live - Livestreaming 4K multi cam upplevelse\" \/>\n<meta property=\"og:description\" content=\"Multi Cam, 4K pro level Video och Audio events f\u00f6r maximalt upplevt v\u00e4rde d\u00e4r kreat\u00f6rer m\u00f6ter konsument 100% live.\" \/>\n<meta property=\"og:url\" content=\"https:\/\/staging.reaktlive.com\/sv\/\" \/>\n<meta property=\"og:site_name\" content=\"[STAGING] Reakt Live\" \/>\n<meta property=\"article:modified_time\" content=\"2023-02-07T21:30:13+00:00\" \/>\n<meta name=\"twitter:card\" content=\"summary_large_image\" \/>\n<script type=\"application\/ld+json\" class=\"yoast-schema-graph\">{\"@context\":\"https:\/\/schema.org\",\"@graph\":[{\"@type\":\"WebPage\",\"@id\":\"https:\/\/staging.reaktlive.com\/sv\/\",\"url\":\"https:\/\/staging.reaktlive.com\/sv\/\",\"name\":\"[STAGING] Reakt Live - Livestreaming 4K multi cam upplevelse\",\"isPartOf\":{\"@id\":\"https:\/\/staging.reaktlive.com\/sv\/#website\"},\"datePublished\":\"2020-08-16T15:32:23+00:00\",\"dateModified\":\"2023-02-07T21:30:13+00:00\",\"description\":\"Multi Cam, 4K pro level Video och Audio events f\u00f6r maximalt upplevt v\u00e4rde d\u00e4r kreat\u00f6rer m\u00f6ter konsument 100% live.\",\"breadcrumb\":{\"@id\":\"https:\/\/staging.reaktlive.com\/sv\/#breadcrumb\"},\"inLanguage\":\"sv-SE\",\"potentialAction\":[{\"@type\":\"ReadAction\",\"target\":[\"https:\/\/staging.reaktlive.com\/sv\/\"]}]},{\"@type\":\"BreadcrumbList\",\"@id\":\"https:\/\/staging.reaktlive.com\/sv\/#breadcrumb\",\"itemListElement\":[{\"@type\":\"ListItem\",\"position\":1,\"name\":\"Hem\",\"item\":\"https:\/\/staging.reaktlive.com\/sv\/\"},{\"@type\":\"ListItem\",\"position\":2,\"name\":\"Start\"}]},{\"@type\":\"WebSite\",\"@id\":\"https:\/\/staging.reaktlive.com\/sv\/#website\",\"url\":\"https:\/\/staging.reaktlive.com\/sv\/\",\"name\":\"[STAGING] Reakt Live\",\"description\":\"Digitala lives\u00e4ndningar f\u00f6r musikn\u00f6rdar\",\"potentialAction\":[{\"@type\":\"SearchAction\",\"target\":{\"@type\":\"EntryPoint\",\"urlTemplate\":\"https:\/\/staging.reaktlive.com\/sv\/?s={search_term_string}\"},\"query-input\":\"required name=search_term_string\"}],\"inLanguage\":\"sv-SE\"}]}<\/script>\n<!-- \/ Yoast SEO plugin. -->","yoast_head_json":{"title":"[STAGING] Reakt Live - Livestreaming 4K multi cam upplevelse","description":"Multi Cam, 4K pro level Video och Audio events f\u00f6r maximalt upplevt v\u00e4rde d\u00e4r kreat\u00f6rer m\u00f6ter konsument 100% live.","robots":{"index":"noindex","follow":"follow","max-snippet":"max-snippet:-1","max-image-preview":"max-image-preview:large","max-video-preview":"max-video-preview:-1"},"og_locale":"sv_SE","og_type":"article","og_title":"[STAGING] Reakt Live - Livestreaming 4K multi cam upplevelse","og_description":"Multi Cam, 4K pro level Video och Audio events f\u00f6r maximalt upplevt v\u00e4rde d\u00e4r kreat\u00f6rer m\u00f6ter konsument 100% live.","og_url":"https:\/\/staging.reaktlive.com\/sv\/","og_site_name":"[STAGING] Reakt Live","article_modified_time":"2023-02-07T21:30:13+00:00","twitter_card":"summary_large_image","schema":{"@context":"https:\/\/schema.org","@graph":[{"@type":"WebPage","@id":"https:\/\/staging.reaktlive.com\/sv\/","url":"https:\/\/staging.reaktlive.com\/sv\/","name":"[STAGING] Reakt Live - Livestreaming 4K multi cam upplevelse","isPartOf":{"@id":"https:\/\/staging.reaktlive.com\/sv\/#website"},"datePublished":"2020-08-16T15:32:23+00:00","dateModified":"2023-02-07T21:30:13+00:00","description":"Multi Cam, 4K pro level Video och Audio events f\u00f6r maximalt upplevt v\u00e4rde d\u00e4r kreat\u00f6rer m\u00f6ter konsument 100% live.","breadcrumb":{"@id":"https:\/\/staging.reaktlive.com\/sv\/#breadcrumb"},"inLanguage":"sv-SE","potentialAction":[{"@type":"ReadAction","target":["https:\/\/staging.reaktlive.com\/sv\/"]}]},{"@type":"BreadcrumbList","@id":"https:\/\/staging.reaktlive.com\/sv\/#breadcrumb","itemListElement":[{"@type":"ListItem","position":1,"name":"Hem","item":"https:\/\/staging.reaktlive.com\/sv\/"},{"@type":"ListItem","position":2,"name":"Start"}]},{"@type":"WebSite","@id":"https:\/\/staging.reaktlive.com\/sv\/#website","url":"https:\/\/staging.reaktlive.com\/sv\/","name":"[STAGING] Reakt Live","description":"Digitala lives\u00e4ndningar f\u00f6r musikn\u00f6rdar","potentialAction":[{"@type":"SearchAction","target":{"@type":"EntryPoint","urlTemplate":"https:\/\/staging.reaktlive.com\/sv\/?s={search_term_string}"},"query-input":"required name=search_term_string"}],"inLanguage":"sv-SE"}]}},"_links":{"self":[{"href":"https:\/\/staging.reaktlive.com\/sv\/wp-json\/wp\/v2\/pages\/2"}],"collection":[{"href":"https:\/\/staging.reaktlive.com\/sv\/wp-json\/wp\/v2\/pages"}],"about":[{"href":"https:\/\/staging.reaktlive.com\/sv\/wp-json\/wp\/v2\/types\/page"}],"author":[{"embeddable":true,"href":"https:\/\/staging.reaktlive.com\/sv\/wp-json\/wp\/v2\/users\/1"}],"replies":[{"embeddable":true,"href":"https:\/\/staging.reaktlive.com\/sv\/wp-json\/wp\/v2\/comments?post=2"}],"version-history":[{"count":119,"href":"https:\/\/staging.reaktlive.com\/sv\/wp-json\/wp\/v2\/pages\/2\/revisions"}],"predecessor-version":[{"id":961,"href":"https:\/\/staging.reaktlive.com\/sv\/wp-json\/wp\/v2\/pages\/2\/revisions\/961"}],"wp:attachment":[{"href":"https:\/\/staging.reaktlive.com\/sv\/wp-json\/wp\/v2\/media?parent=2"}],"curies":[{"name":"wp","href":"https:\/\/api.w.org\/{rel}","templated":true}]}}